{"id":287,"date":"2024-08-21T13:31:16","date_gmt":"2024-08-21T13:31:16","guid":{"rendered":"https:\/\/evobox.lt\/?post_type=product&#038;p=287"},"modified":"2024-09-24T15:46:40","modified_gmt":"2024-09-24T15:46:40","slug":"ekologiski-maiseliai-330x120x500mm-250vnt-kopija","status":"publish","type":"product","link":"https:\/\/evobox.lt\/?product=ekologiski-maiseliai-330x120x500mm-250vnt-kopija","title":{"rendered":"Ekologi\u0161ki mai\u0161eliai  330x120x500mm   200vnt."},"content":{"rendered":"<p>Rudi Kraft popieriaus mai\u0161eliai. Pagaminti su TWIST tipo ranken\u0117l\u0117mis (susuktomis popierin\u0117s).<\/p>\n<p>I\u0161matavimai: 330x120x500mm<br \/>\nKiekis d\u0117\u017eut\u0117je: 200vnt.<\/p>\n","protected":false},"excerpt":{"rendered":"<p>Rudi Kraft popieriaus mai\u0161eliai 200vnt.<\/p>\n","protected":false},"featured_media":186,"template":"","meta":[],"product_cat":[22],"product_tag":[],"class_list":{"0":"post-287","1":"product","2":"type-product","3":"status-publish","4":"has-post-thumbnail","6":"product_cat-maiseliai","8":"first","9":"instock","10":"downloadable","11":"taxable","12":"shipping-taxable","13":"purchasable","14":"product-type-simple"},"jetpack_sharing_enabled":true,"_links":{"self":[{"href":"https:\/\/evobox.lt\/index.php?rest_route=\/wp\/v2\/product\/287","targetHints":{"allow":["GET"]}}],"collection":[{"href":"https:\/\/evobox.lt\/index.php?rest_route=\/wp\/v2\/product"}],"about":[{"href":"https:\/\/evobox.lt\/index.php?rest_route=\/wp\/v2\/types\/product"}],"wp:featuredmedia":[{"embeddable":true,"href":"https:\/\/evobox.lt\/index.php?rest_route=\/wp\/v2\/media\/186"}],"wp:attachment":[{"href":"https:\/\/evobox.lt\/index.php?rest_route=%2Fwp%2Fv2%2Fmedia&parent=287"}],"wp:term":[{"taxonomy":"product_cat","embeddable":true,"href":"https:\/\/evobox.lt\/index.php?rest_route=%2Fwp%2Fv2%2Fproduct_cat&post=287"},{"taxonomy":"product_tag","embeddable":true,"href":"https:\/\/evobox.lt\/index.php?rest_route=%2Fwp%2Fv2%2Fproduct_tag&post=287"}],"curies":[{"name":"wp","href":"https:\/\/api.w.org\/{rel}","templated":true}]}}